{"id":194,"date":"2021-10-29T18:44:02","date_gmt":"2021-10-29T16:44:02","guid":{"rendered":"https:\/\/drmeriemhassine.com\/?page_id=194"},"modified":"2021-11-07T15:19:55","modified_gmt":"2021-11-07T14:19:55","slug":"lorthodontie-invisible","status":"publish","type":"page","link":"https:\/\/drmeriemhassine.com\/index.php\/home\/our-services\/lorthodontie-invisible\/","title":{"rendered":"L\u2019orthodontie invisible"},"content":{"rendered":"<p>[vc_row img_halfrow=\u00a0\u00bbyes\u00a0\u00bb halfrow_image=\u00a0\u00bb113&Prime; img_columns=\u00a0\u00bb5columns\u00a0\u00bb img_position=\u00a0\u00bbimgleft\u00a0\u00bb css=\u00a0\u00bb.vc_custom_1635523829559{background-color: #6ea1bb !important;}\u00a0\u00bb][vc_column offset=\u00a0\u00bbvc_col-md-offset-6 vc_col-md-6&Prime;][vc_row_inner][vc_column_inner css=\u00a0\u00bb.vc_custom_1499065970447{margin-bottom: 30px !important;}\u00a0\u00bb][vc_column_text]<\/p>\n<h1 style=\"text-align: left;\">L\u2019Orthodontie Invisible<\/h1>\n<p>&nbsp;<\/p>\n<p><span style=\"font-weight: 400;\">L&rsquo;orthodontie permet de corriger les dents en malposition, fermer les diast\u00e8mes et par cons\u00e9quent \u00e9tablir une bonne occlusion. Aujourd&rsquo;hui, l\u2019orthodontie invisible est une alternative aux appareils orthodontiques classiques. On vous offre la possibilit\u00e9 d\u2019aligner vos dents en toute transparence.<\/span><\/p>\n<p>&nbsp;<\/p>\n<p><img decoding=\"async\" loading=\"lazy\" class=\"alignnone wp-image-153\" src=\"https:\/\/drmeriemhassine.com\/wp-content\/uploads\/2021\/09\/Orthodontie-invisible-fontenay-sous-bois-e1631894011447-300x165.jpg\" alt=\"\" width=\"358\" height=\"197\" srcset=\"https:\/\/drmeriemhassine.com\/wp-content\/uploads\/2021\/09\/Orthodontie-invisible-fontenay-sous-bois-e1631894011447-300x165.jpg 300w, https:\/\/drmeriemhassine.com\/wp-content\/uploads\/2021\/09\/Orthodontie-invisible-fontenay-sous-bois-e1631894011447.jpg 400w\" sizes=\"(max-width: 358px) 100vw, 358px\" \/>[\/vc_column_text][\/vc_column_inner][\/vc_row_inner][\/vc_column][\/vc_row]<\/p>\n","protected":false},"excerpt":{"rendered":"<p>[vc_row img_halfrow=\u00a0\u00bbyes\u00a0\u00bb halfrow_image=\u00a0\u00bb113&Prime; img_columns=\u00a0\u00bb5columns\u00a0\u00bb img_position=\u00a0\u00bbimgleft\u00a0\u00bb css=\u00a0\u00bb.vc_custom_1635523829559{background-color: #6ea1bb !important;}\u00a0\u00bb][vc_column offset=\u00a0\u00bbvc_col-md-offset-6 vc_col-md-6&Prime;][vc_row_inner][vc_column_inner css=\u00a0\u00bb.vc_custom_1499065970447{margin-bottom: 30px !important;}\u00a0\u00bb][vc_column_text] L\u2019Orthodontie Invisible &nbsp; L&rsquo;orthodontie permet de corriger les dents en malposition, fermer les diast\u00e8mes et par cons\u00e9quent \u00e9tablir une bonne occlusion. Aujourd&rsquo;hui, l\u2019orthodontie invisible est une alternative aux appareils orthodontiques classiques. On vous offre la possibilit\u00e9 d\u2019aligner vos dents en toute transparence. [&hellip;]<\/p>\n","protected":false},"author":1,"featured_media":0,"parent":17,"menu_order":0,"comment_status":"closed","ping_status":"closed","template":"page-templates\/template-fullwidth.php","meta":[],"yoast_head":"<!-- This site is optimized with the Yoast SEO plugin v19.10 - https:\/\/yoast.com\/wordpress\/plugins\/seo\/ -->\n<title>L\u2019orthodontie invisible - Cabinet M\u00e9decin Dentiste<\/title>\n<meta name=\"robots\" content=\"index, follow, max-snippet:-1, max-image-preview:large, max-video-preview:-1\" \/>\n<link rel=\"canonical\" href=\"https:\/\/drmeriemhassine.com\/index.php\/home\/our-services\/lorthodontie-invisible\/\" \/>\n<meta property=\"og:locale\" content=\"fr_FR\" \/>\n<meta property=\"og:type\" content=\"article\" \/>\n<meta property=\"og:title\" content=\"L\u2019orthodontie invisible - Cabinet M\u00e9decin Dentiste\" \/>\n<meta property=\"og:description\" content=\"[vc_row img_halfrow=\u00a0\u00bbyes\u00a0\u00bb halfrow_image=\u00a0\u00bb113&Prime; img_columns=\u00a0\u00bb5columns\u00a0\u00bb img_position=\u00a0\u00bbimgleft\u00a0\u00bb css=\u00a0\u00bb.vc_custom_1635523829559{background-color: #6ea1bb !important;}\u00a0\u00bb][vc_column offset=\u00a0\u00bbvc_col-md-offset-6 vc_col-md-6&Prime;][vc_row_inner][vc_column_inner css=\u00a0\u00bb.vc_custom_1499065970447{margin-bottom: 30px !important;}\u00a0\u00bb][vc_column_text] L\u2019Orthodontie Invisible &nbsp; L&rsquo;orthodontie permet de corriger les dents en malposition, fermer les diast\u00e8mes et par cons\u00e9quent \u00e9tablir une bonne occlusion. Aujourd&rsquo;hui, l\u2019orthodontie invisible est une alternative aux appareils orthodontiques classiques. On vous offre la possibilit\u00e9 d\u2019aligner vos dents en toute transparence. [&hellip;]\" \/>\n<meta property=\"og:url\" content=\"https:\/\/drmeriemhassine.com\/index.php\/home\/our-services\/lorthodontie-invisible\/\" \/>\n<meta property=\"og:site_name\" content=\"Cabinet M\u00e9decin Dentiste\" \/>\n<meta property=\"article:modified_time\" content=\"2021-11-07T14:19:55+00:00\" \/>\n<meta property=\"og:image\" content=\"https:\/\/drmeriemhassine.com\/wp-content\/uploads\/2021\/09\/Orthodontie-invisible-fontenay-sous-bois-e1631894011447-300x165.jpg\" \/>\n<meta name=\"twitter:card\" content=\"summary_large_image\" \/>\n<meta name=\"twitter:label1\" content=\"Dur\u00e9e de lecture estim\u00e9e\" \/>\n\t<meta name=\"twitter:data1\" content=\"1 minute\" \/>\n<script type=\"application\/ld+json\" class=\"yoast-schema-graph\">{\"@context\":\"https:\/\/schema.org\",\"@graph\":[{\"@type\":\"WebPage\",\"@id\":\"https:\/\/drmeriemhassine.com\/index.php\/home\/our-services\/lorthodontie-invisible\/\",\"url\":\"https:\/\/drmeriemhassine.com\/index.php\/home\/our-services\/lorthodontie-invisible\/\",\"name\":\"L\u2019orthodontie invisible - Cabinet M\u00e9decin Dentiste\",\"isPartOf\":{\"@id\":\"https:\/\/drmeriemhassine.com\/#website\"},\"datePublished\":\"2021-10-29T16:44:02+00:00\",\"dateModified\":\"2021-11-07T14:19:55+00:00\",\"breadcrumb\":{\"@id\":\"https:\/\/drmeriemhassine.com\/index.php\/home\/our-services\/lorthodontie-invisible\/#breadcrumb\"},\"inLanguage\":\"fr-FR\",\"potentialAction\":[{\"@type\":\"ReadAction\",\"target\":[\"https:\/\/drmeriemhassine.com\/index.php\/home\/our-services\/lorthodontie-invisible\/\"]}]},{\"@type\":\"BreadcrumbList\",\"@id\":\"https:\/\/drmeriemhassine.com\/index.php\/home\/our-services\/lorthodontie-invisible\/#breadcrumb\",\"itemListElement\":[{\"@type\":\"ListItem\",\"position\":1,\"name\":\"Accueil\",\"item\":\"https:\/\/drmeriemhassine.com\/\"},{\"@type\":\"ListItem\",\"position\":2,\"name\":\"Accueil\",\"item\":\"https:\/\/drmeriemhassine.com\/\"},{\"@type\":\"ListItem\",\"position\":3,\"name\":\"Nos Soins\",\"item\":\"https:\/\/drmeriemhassine.com\/index.php\/home\/our-services\/\"},{\"@type\":\"ListItem\",\"position\":4,\"name\":\"L\u2019orthodontie invisible\"}]},{\"@type\":\"WebSite\",\"@id\":\"https:\/\/drmeriemhassine.com\/#website\",\"url\":\"https:\/\/drmeriemhassine.com\/\",\"name\":\"Cabinet M\u00e9decin Dentiste\",\"description\":\"Dr Meriem HASSINE MHENNI\",\"potentialAction\":[{\"@type\":\"SearchAction\",\"target\":{\"@type\":\"EntryPoint\",\"urlTemplate\":\"https:\/\/drmeriemhassine.com\/?s={search_term_string}\"},\"query-input\":\"required name=search_term_string\"}],\"inLanguage\":\"fr-FR\"}]}<\/script>\n<!-- \/ Yoast SEO plugin. -->","yoast_head_json":{"title":"L\u2019orthodontie invisible - Cabinet M\u00e9decin Dentiste","robots":{"index":"index","follow":"follow","max-snippet":"max-snippet:-1","max-image-preview":"max-image-preview:large","max-video-preview":"max-video-preview:-1"},"canonical":"https:\/\/drmeriemhassine.com\/index.php\/home\/our-services\/lorthodontie-invisible\/","og_locale":"fr_FR","og_type":"article","og_title":"L\u2019orthodontie invisible - Cabinet M\u00e9decin Dentiste","og_description":"[vc_row img_halfrow=\u00a0\u00bbyes\u00a0\u00bb halfrow_image=\u00a0\u00bb113&Prime; img_columns=\u00a0\u00bb5columns\u00a0\u00bb img_position=\u00a0\u00bbimgleft\u00a0\u00bb css=\u00a0\u00bb.vc_custom_1635523829559{background-color: #6ea1bb !important;}\u00a0\u00bb][vc_column offset=\u00a0\u00bbvc_col-md-offset-6 vc_col-md-6&Prime;][vc_row_inner][vc_column_inner css=\u00a0\u00bb.vc_custom_1499065970447{margin-bottom: 30px !important;}\u00a0\u00bb][vc_column_text] L\u2019Orthodontie Invisible &nbsp; L&rsquo;orthodontie permet de corriger les dents en malposition, fermer les diast\u00e8mes et par cons\u00e9quent \u00e9tablir une bonne occlusion. Aujourd&rsquo;hui, l\u2019orthodontie invisible est une alternative aux appareils orthodontiques classiques. On vous offre la possibilit\u00e9 d\u2019aligner vos dents en toute transparence. [&hellip;]","og_url":"https:\/\/drmeriemhassine.com\/index.php\/home\/our-services\/lorthodontie-invisible\/","og_site_name":"Cabinet M\u00e9decin Dentiste","article_modified_time":"2021-11-07T14:19:55+00:00","og_image":[{"url":"https:\/\/drmeriemhassine.com\/wp-content\/uploads\/2021\/09\/Orthodontie-invisible-fontenay-sous-bois-e1631894011447-300x165.jpg"}],"twitter_card":"summary_large_image","twitter_misc":{"Dur\u00e9e de lecture estim\u00e9e":"1 minute"},"schema":{"@context":"https:\/\/schema.org","@graph":[{"@type":"WebPage","@id":"https:\/\/drmeriemhassine.com\/index.php\/home\/our-services\/lorthodontie-invisible\/","url":"https:\/\/drmeriemhassine.com\/index.php\/home\/our-services\/lorthodontie-invisible\/","name":"L\u2019orthodontie invisible - Cabinet M\u00e9decin Dentiste","isPartOf":{"@id":"https:\/\/drmeriemhassine.com\/#website"},"datePublished":"2021-10-29T16:44:02+00:00","dateModified":"2021-11-07T14:19:55+00:00","breadcrumb":{"@id":"https:\/\/drmeriemhassine.com\/index.php\/home\/our-services\/lorthodontie-invisible\/#breadcrumb"},"inLanguage":"fr-FR","potentialAction":[{"@type":"ReadAction","target":["https:\/\/drmeriemhassine.com\/index.php\/home\/our-services\/lorthodontie-invisible\/"]}]},{"@type":"BreadcrumbList","@id":"https:\/\/drmeriemhassine.com\/index.php\/home\/our-services\/lorthodontie-invisible\/#breadcrumb","itemListElement":[{"@type":"ListItem","position":1,"name":"Accueil","item":"https:\/\/drmeriemhassine.com\/"},{"@type":"ListItem","position":2,"name":"Accueil","item":"https:\/\/drmeriemhassine.com\/"},{"@type":"ListItem","position":3,"name":"Nos Soins","item":"https:\/\/drmeriemhassine.com\/index.php\/home\/our-services\/"},{"@type":"ListItem","position":4,"name":"L\u2019orthodontie invisible"}]},{"@type":"WebSite","@id":"https:\/\/drmeriemhassine.com\/#website","url":"https:\/\/drmeriemhassine.com\/","name":"Cabinet M\u00e9decin Dentiste","description":"Dr Meriem HASSINE MHENNI","potentialAction":[{"@type":"SearchAction","target":{"@type":"EntryPoint","urlTemplate":"https:\/\/drmeriemhassine.com\/?s={search_term_string}"},"query-input":"required name=search_term_string"}],"inLanguage":"fr-FR"}]}},"_links":{"self":[{"href":"https:\/\/drmeriemhassine.com\/index.php\/wp-json\/wp\/v2\/pages\/194"}],"collection":[{"href":"https:\/\/drmeriemhassine.com\/index.php\/wp-json\/wp\/v2\/pages"}],"about":[{"href":"https:\/\/drmeriemhassine.com\/index.php\/wp-json\/wp\/v2\/types\/page"}],"author":[{"embeddable":true,"href":"https:\/\/drmeriemhassine.com\/index.php\/wp-json\/wp\/v2\/users\/1"}],"replies":[{"embeddable":true,"href":"https:\/\/drmeriemhassine.com\/index.php\/wp-json\/wp\/v2\/comments?post=194"}],"version-history":[{"count":4,"href":"https:\/\/drmeriemhassine.com\/index.php\/wp-json\/wp\/v2\/pages\/194\/revisions"}],"predecessor-version":[{"id":213,"href":"https:\/\/drmeriemhassine.com\/index.php\/wp-json\/wp\/v2\/pages\/194\/revisions\/213"}],"up":[{"embeddable":true,"href":"https:\/\/drmeriemhassine.com\/index.php\/wp-json\/wp\/v2\/pages\/17"}],"wp:attachment":[{"href":"https:\/\/drmeriemhassine.com\/index.php\/wp-json\/wp\/v2\/media?parent=194"}],"curies":[{"name":"wp","href":"https:\/\/api.w.org\/{rel}","templated":true}]}}