{"id":190,"date":"2021-10-29T18:37:57","date_gmt":"2021-10-29T16:37:57","guid":{"rendered":"https:\/\/drmeriemhassine.com\/?page_id=190"},"modified":"2021-11-07T15:14:28","modified_gmt":"2021-11-07T14:14:28","slug":"dentisterie-esthetique","status":"publish","type":"page","link":"https:\/\/drmeriemhassine.com\/index.php\/home\/our-services\/dentisterie-esthetique\/","title":{"rendered":"Dentisterie Esth\u00e9tique"},"content":{"rendered":"<p>[vc_row img_halfrow=\u00a0\u00bbyes\u00a0\u00bb halfrow_image=\u00a0\u00bb113&Prime; img_columns=\u00a0\u00bb5columns\u00a0\u00bb img_position=\u00a0\u00bbimgleft\u00a0\u00bb css=\u00a0\u00bb.vc_custom_1635523829559{background-color: #6ea1bb !important;}\u00a0\u00bb][vc_column offset=\u00a0\u00bbvc_col-md-offset-6 vc_col-md-6&Prime;][vc_row_inner][vc_column_inner css=\u00a0\u00bb.vc_custom_1499065970447{margin-bottom: 30px !important;}\u00a0\u00bb][vc_column_text]<\/p>\n<h1 style=\"text-align: left;\">Dentisterie Esth\u00e9tique<\/h1>\n<p>&nbsp;<\/p>\n<p><span style=\"font-weight: 400;\">La dentisterie esth\u00e9tique englobe tous les traitements visant \u00e0 donner le meilleur r\u00e9sultat pour le patient sur les plans esth\u00e9tique, fonctionnel et biologique<\/span><\/p>\n<p><span style=\"font-weight: 400;\">En d&rsquo;autres termes, il s&rsquo;agit d&rsquo;un traitement individualis\u00e9. Nous examinons votre probl\u00e8me dentaire et fournissons la solution optimale pour vous, tout en obtenant une apparence belle et naturelle.<\/span><\/p>\n<p><span style=\"font-weight: 400;\">Nous vous offrons diff\u00e9rents traitements afin de parfaire votre sourire allant de l\u2019\u00e9claircissement dentaire et la micro abrasion jusqu\u2019aux facettes et couronnes :<\/span><\/p>\n<h2><span style=\"font-weight: 400;\">Le blanchiment dentaire<\/span><\/h2>\n<p><span style=\"font-weight: 400;\">Le blanchiment dentaire c\u2019est le traitement le moins invasif et le plus efficace pour redonner \u00e0 votre sourire sa couleur vive et naturelle.<\/span><\/p>\n<p><span style=\"font-weight: 400;\">Une solution de peroxyde d\u2019hydrog\u00e8ne ou de peroxyde de carbamide est appliqu\u00e9e sur l&rsquo;\u00e9mail permettant d\u2019\u00e9claircir sa teinte<\/span><\/p>\n<p><span style=\"font-weight: 400;\">L\u2019\u00e9claircissement peut se faire sur fauteuil ou en ambulatoire en utilisant des goutti\u00e8res ou les deux m\u00e9thodes combin\u00e9es.<\/span><\/p>\n<p><span style=\"font-weight: 400;\">Ce traitement est d\u00e9conseill\u00e9 aux femmes enceintes et allaitantes<\/span><\/p>\n<p><span style=\"font-weight: 400;\">La micro-abrasion am\u00e9laire est indiqu\u00e9e dans l\u2019\u00e9limination des anomalies de structure ou\u00a0 des dyschromies qui sont confin\u00e9es \u00e0 la surface de l\u2019\u00e9mail.<\/span><\/p>\n<h2><span style=\"font-weight: 400;\">Facettes<\/span><\/h2>\n<p><span style=\"font-weight: 400;\">Facettes\u00a0 Une fine coquille en c\u00e9ramique coll\u00e9e \u00e0 la surface dentaire , elle corrige les dyschromies, les diast\u00e8mes et les l\u00e9g\u00e8res malpositions des dents .<\/span><\/p>\n<h2><span style=\"font-weight: 400;\">Couronnes Dentaires<\/span><\/h2>\n<p><span style=\"font-weight: 400;\">Quant aux couronnes dentaires, ce sont des coiffes plac\u00e9es sur les dents endommag\u00e9es. Les couronnes sont utilis\u00e9es pour prot\u00e9ger, couvrir et restaurer la forme de vos dents lorsque les obturations ne r\u00e8glent pas le probl\u00e8me. Elles sont r\u00e9habilitations proth\u00e9tiques restaurant \u00e0 la fois la fonction et l\u2019esth\u00e9tique.<\/span>[\/vc_column_text][\/vc_column_inner][\/vc_row_inner][\/vc_column][\/vc_row]<\/p>\n","protected":false},"excerpt":{"rendered":"<p>[vc_row img_halfrow=\u00a0\u00bbyes\u00a0\u00bb halfrow_image=\u00a0\u00bb113&Prime; img_columns=\u00a0\u00bb5columns\u00a0\u00bb img_position=\u00a0\u00bbimgleft\u00a0\u00bb css=\u00a0\u00bb.vc_custom_1635523829559{background-color: #6ea1bb !important;}\u00a0\u00bb][vc_column offset=\u00a0\u00bbvc_col-md-offset-6 vc_col-md-6&Prime;][vc_row_inner][vc_column_inner css=\u00a0\u00bb.vc_custom_1499065970447{margin-bottom: 30px !important;}\u00a0\u00bb][vc_column_text] Dentisterie Esth\u00e9tique &nbsp; La dentisterie esth\u00e9tique englobe tous les traitements visant \u00e0 donner le meilleur r\u00e9sultat pour le patient sur les plans esth\u00e9tique, fonctionnel et biologique En d&rsquo;autres termes, il s&rsquo;agit d&rsquo;un traitement individualis\u00e9. Nous examinons votre probl\u00e8me dentaire et fournissons la [&hellip;]<\/p>\n","protected":false},"author":1,"featured_media":0,"parent":17,"menu_order":0,"comment_status":"closed","ping_status":"closed","template":"page-templates\/template-fullwidth.php","meta":[],"yoast_head":"<!-- This site is optimized with the Yoast SEO plugin v19.10 - https:\/\/yoast.com\/wordpress\/plugins\/seo\/ -->\n<title>Dentisterie Esth\u00e9tique - Cabinet M\u00e9decin Dentiste<\/title>\n<meta name=\"robots\" content=\"index, follow, max-snippet:-1, max-image-preview:large, max-video-preview:-1\" \/>\n<link rel=\"canonical\" href=\"https:\/\/drmeriemhassine.com\/index.php\/home\/our-services\/dentisterie-esthetique\/\" \/>\n<meta property=\"og:locale\" content=\"fr_FR\" \/>\n<meta property=\"og:type\" content=\"article\" \/>\n<meta property=\"og:title\" content=\"Dentisterie Esth\u00e9tique - Cabinet M\u00e9decin Dentiste\" \/>\n<meta property=\"og:description\" content=\"[vc_row img_halfrow=\u00a0\u00bbyes\u00a0\u00bb halfrow_image=\u00a0\u00bb113&Prime; img_columns=\u00a0\u00bb5columns\u00a0\u00bb img_position=\u00a0\u00bbimgleft\u00a0\u00bb css=\u00a0\u00bb.vc_custom_1635523829559{background-color: #6ea1bb !important;}\u00a0\u00bb][vc_column offset=\u00a0\u00bbvc_col-md-offset-6 vc_col-md-6&Prime;][vc_row_inner][vc_column_inner css=\u00a0\u00bb.vc_custom_1499065970447{margin-bottom: 30px !important;}\u00a0\u00bb][vc_column_text] Dentisterie Esth\u00e9tique &nbsp; La dentisterie esth\u00e9tique englobe tous les traitements visant \u00e0 donner le meilleur r\u00e9sultat pour le patient sur les plans esth\u00e9tique, fonctionnel et biologique En d&rsquo;autres termes, il s&rsquo;agit d&rsquo;un traitement individualis\u00e9. Nous examinons votre probl\u00e8me dentaire et fournissons la [&hellip;]\" \/>\n<meta property=\"og:url\" content=\"https:\/\/drmeriemhassine.com\/index.php\/home\/our-services\/dentisterie-esthetique\/\" \/>\n<meta property=\"og:site_name\" content=\"Cabinet M\u00e9decin Dentiste\" \/>\n<meta property=\"article:modified_time\" content=\"2021-11-07T14:14:28+00:00\" \/>\n<meta name=\"twitter:card\" content=\"summary_large_image\" \/>\n<meta name=\"twitter:label1\" content=\"Dur\u00e9e de lecture estim\u00e9e\" \/>\n\t<meta name=\"twitter:data1\" content=\"2 minutes\" \/>\n<script type=\"application\/ld+json\" class=\"yoast-schema-graph\">{\"@context\":\"https:\/\/schema.org\",\"@graph\":[{\"@type\":\"WebPage\",\"@id\":\"https:\/\/drmeriemhassine.com\/index.php\/home\/our-services\/dentisterie-esthetique\/\",\"url\":\"https:\/\/drmeriemhassine.com\/index.php\/home\/our-services\/dentisterie-esthetique\/\",\"name\":\"Dentisterie Esth\u00e9tique - Cabinet M\u00e9decin Dentiste\",\"isPartOf\":{\"@id\":\"https:\/\/drmeriemhassine.com\/#website\"},\"datePublished\":\"2021-10-29T16:37:57+00:00\",\"dateModified\":\"2021-11-07T14:14:28+00:00\",\"breadcrumb\":{\"@id\":\"https:\/\/drmeriemhassine.com\/index.php\/home\/our-services\/dentisterie-esthetique\/#breadcrumb\"},\"inLanguage\":\"fr-FR\",\"potentialAction\":[{\"@type\":\"ReadAction\",\"target\":[\"https:\/\/drmeriemhassine.com\/index.php\/home\/our-services\/dentisterie-esthetique\/\"]}]},{\"@type\":\"BreadcrumbList\",\"@id\":\"https:\/\/drmeriemhassine.com\/index.php\/home\/our-services\/dentisterie-esthetique\/#breadcrumb\",\"itemListElement\":[{\"@type\":\"ListItem\",\"position\":1,\"name\":\"Accueil\",\"item\":\"https:\/\/drmeriemhassine.com\/\"},{\"@type\":\"ListItem\",\"position\":2,\"name\":\"Accueil\",\"item\":\"https:\/\/drmeriemhassine.com\/\"},{\"@type\":\"ListItem\",\"position\":3,\"name\":\"Nos Soins\",\"item\":\"https:\/\/drmeriemhassine.com\/index.php\/home\/our-services\/\"},{\"@type\":\"ListItem\",\"position\":4,\"name\":\"Dentisterie Esth\u00e9tique\"}]},{\"@type\":\"WebSite\",\"@id\":\"https:\/\/drmeriemhassine.com\/#website\",\"url\":\"https:\/\/drmeriemhassine.com\/\",\"name\":\"Cabinet M\u00e9decin Dentiste\",\"description\":\"Dr Meriem HASSINE MHENNI\",\"potentialAction\":[{\"@type\":\"SearchAction\",\"target\":{\"@type\":\"EntryPoint\",\"urlTemplate\":\"https:\/\/drmeriemhassine.com\/?s={search_term_string}\"},\"query-input\":\"required name=search_term_string\"}],\"inLanguage\":\"fr-FR\"}]}<\/script>\n<!-- \/ Yoast SEO plugin. -->","yoast_head_json":{"title":"Dentisterie Esth\u00e9tique - Cabinet M\u00e9decin Dentiste","robots":{"index":"index","follow":"follow","max-snippet":"max-snippet:-1","max-image-preview":"max-image-preview:large","max-video-preview":"max-video-preview:-1"},"canonical":"https:\/\/drmeriemhassine.com\/index.php\/home\/our-services\/dentisterie-esthetique\/","og_locale":"fr_FR","og_type":"article","og_title":"Dentisterie Esth\u00e9tique - Cabinet M\u00e9decin Dentiste","og_description":"[vc_row img_halfrow=\u00a0\u00bbyes\u00a0\u00bb halfrow_image=\u00a0\u00bb113&Prime; img_columns=\u00a0\u00bb5columns\u00a0\u00bb img_position=\u00a0\u00bbimgleft\u00a0\u00bb css=\u00a0\u00bb.vc_custom_1635523829559{background-color: #6ea1bb !important;}\u00a0\u00bb][vc_column offset=\u00a0\u00bbvc_col-md-offset-6 vc_col-md-6&Prime;][vc_row_inner][vc_column_inner css=\u00a0\u00bb.vc_custom_1499065970447{margin-bottom: 30px !important;}\u00a0\u00bb][vc_column_text] Dentisterie Esth\u00e9tique &nbsp; La dentisterie esth\u00e9tique englobe tous les traitements visant \u00e0 donner le meilleur r\u00e9sultat pour le patient sur les plans esth\u00e9tique, fonctionnel et biologique En d&rsquo;autres termes, il s&rsquo;agit d&rsquo;un traitement individualis\u00e9. Nous examinons votre probl\u00e8me dentaire et fournissons la [&hellip;]","og_url":"https:\/\/drmeriemhassine.com\/index.php\/home\/our-services\/dentisterie-esthetique\/","og_site_name":"Cabinet M\u00e9decin Dentiste","article_modified_time":"2021-11-07T14:14:28+00:00","twitter_card":"summary_large_image","twitter_misc":{"Dur\u00e9e de lecture estim\u00e9e":"2 minutes"},"schema":{"@context":"https:\/\/schema.org","@graph":[{"@type":"WebPage","@id":"https:\/\/drmeriemhassine.com\/index.php\/home\/our-services\/dentisterie-esthetique\/","url":"https:\/\/drmeriemhassine.com\/index.php\/home\/our-services\/dentisterie-esthetique\/","name":"Dentisterie Esth\u00e9tique - Cabinet M\u00e9decin Dentiste","isPartOf":{"@id":"https:\/\/drmeriemhassine.com\/#website"},"datePublished":"2021-10-29T16:37:57+00:00","dateModified":"2021-11-07T14:14:28+00:00","breadcrumb":{"@id":"https:\/\/drmeriemhassine.com\/index.php\/home\/our-services\/dentisterie-esthetique\/#breadcrumb"},"inLanguage":"fr-FR","potentialAction":[{"@type":"ReadAction","target":["https:\/\/drmeriemhassine.com\/index.php\/home\/our-services\/dentisterie-esthetique\/"]}]},{"@type":"BreadcrumbList","@id":"https:\/\/drmeriemhassine.com\/index.php\/home\/our-services\/dentisterie-esthetique\/#breadcrumb","itemListElement":[{"@type":"ListItem","position":1,"name":"Accueil","item":"https:\/\/drmeriemhassine.com\/"},{"@type":"ListItem","position":2,"name":"Accueil","item":"https:\/\/drmeriemhassine.com\/"},{"@type":"ListItem","position":3,"name":"Nos Soins","item":"https:\/\/drmeriemhassine.com\/index.php\/home\/our-services\/"},{"@type":"ListItem","position":4,"name":"Dentisterie Esth\u00e9tique"}]},{"@type":"WebSite","@id":"https:\/\/drmeriemhassine.com\/#website","url":"https:\/\/drmeriemhassine.com\/","name":"Cabinet M\u00e9decin Dentiste","description":"Dr Meriem HASSINE MHENNI","potentialAction":[{"@type":"SearchAction","target":{"@type":"EntryPoint","urlTemplate":"https:\/\/drmeriemhassine.com\/?s={search_term_string}"},"query-input":"required name=search_term_string"}],"inLanguage":"fr-FR"}]}},"_links":{"self":[{"href":"https:\/\/drmeriemhassine.com\/index.php\/wp-json\/wp\/v2\/pages\/190"}],"collection":[{"href":"https:\/\/drmeriemhassine.com\/index.php\/wp-json\/wp\/v2\/pages"}],"about":[{"href":"https:\/\/drmeriemhassine.com\/index.php\/wp-json\/wp\/v2\/types\/page"}],"author":[{"embeddable":true,"href":"https:\/\/drmeriemhassine.com\/index.php\/wp-json\/wp\/v2\/users\/1"}],"replies":[{"embeddable":true,"href":"https:\/\/drmeriemhassine.com\/index.php\/wp-json\/wp\/v2\/comments?post=190"}],"version-history":[{"count":4,"href":"https:\/\/drmeriemhassine.com\/index.php\/wp-json\/wp\/v2\/pages\/190\/revisions"}],"predecessor-version":[{"id":192,"href":"https:\/\/drmeriemhassine.com\/index.php\/wp-json\/wp\/v2\/pages\/190\/revisions\/192"}],"up":[{"embeddable":true,"href":"https:\/\/drmeriemhassine.com\/index.php\/wp-json\/wp\/v2\/pages\/17"}],"wp:attachment":[{"href":"https:\/\/drmeriemhassine.com\/index.php\/wp-json\/wp\/v2\/media?parent=190"}],"curies":[{"name":"wp","href":"https:\/\/api.w.org\/{rel}","templated":true}]}}