{"id":185,"date":"2021-10-29T18:19:44","date_gmt":"2021-10-29T16:19:44","guid":{"rendered":"https:\/\/drmeriemhassine.com\/?page_id=185"},"modified":"2021-11-07T15:19:10","modified_gmt":"2021-11-07T14:19:10","slug":"implantologie","status":"publish","type":"page","link":"https:\/\/drmeriemhassine.com\/index.php\/home\/our-services\/implantologie\/","title":{"rendered":"Implantologie"},"content":{"rendered":"<p>[vc_row img_halfrow=\u00a0\u00bbyes\u00a0\u00bb halfrow_image=\u00a0\u00bb113&Prime; img_columns=\u00a0\u00bb5columns\u00a0\u00bb img_position=\u00a0\u00bbimgleft\u00a0\u00bb css=\u00a0\u00bb.vc_custom_1635523829559{background-color: #6ea1bb !important;}\u00a0\u00bb][vc_column offset=\u00a0\u00bbvc_col-md-offset-6 vc_col-md-6&Prime;][vc_row_inner][vc_column_inner css=\u00a0\u00bb.vc_custom_1499065970447{margin-bottom: 30px !important;}\u00a0\u00bb][vc_column_text]<\/p>\n<h1 style=\"text-align: left;\">Implantologie<\/h1>\n<p>&nbsp;<\/p>\n<p><span style=\"font-weight: 400;\">Les implants dentaires sont des racines artificielles qui permettent de remplacer les racines dentaires perdues. Ces implants, solidement ancr\u00e9s dans l\u2019os, servent de support \u00e0 des couronnes, des bridges ou \u00e0 des proth\u00e8ses.<\/span><\/p>\n<p><img decoding=\"async\" loading=\"lazy\" class=\"alignnone size-medium wp-image-187\" src=\"https:\/\/drmeriemhassine.com\/wp-content\/uploads\/2021\/10\/implants-300x193.png\" alt=\"\" width=\"300\" height=\"193\" srcset=\"https:\/\/drmeriemhassine.com\/wp-content\/uploads\/2021\/10\/implants-300x193.png 300w, https:\/\/drmeriemhassine.com\/wp-content\/uploads\/2021\/10\/implants-768x494.png 768w, https:\/\/drmeriemhassine.com\/wp-content\/uploads\/2021\/10\/implants.png 894w\" sizes=\"(max-width: 300px) 100vw, 300px\" \/><\/p>\n<p><span style=\"font-weight: 400;\">L\u2019implant dentaire est sch\u00e9matiquement compos\u00e9 de 3 parties :<\/span><\/p>\n<p><span style=\"font-weight: 400;\">1- l\u2019implant lui-m\u00eame, c\u2019est la racine artificielle proprement dite qui est plac\u00e9e dans l\u2019os. Sa taille est sensiblement identique \u00e0 celle d\u2019une racine naturelle.<\/span><\/p>\n<p><span style=\"font-weight: 400;\">2- le pilier proth\u00e9tique interm\u00e9diaire. C\u2019est un \u00e9l\u00e9ment proth\u00e9tique qui est viss\u00e9 dans l\u2019implant. Cet \u00e9l\u00e9ment sort donc de la gencive et sert d\u2019ancrage \u00e0 la future couronne.<\/span><\/p>\n<p><span style=\"font-weight: 400;\">3- Enfin, la couronne qui est viss\u00e9e ou scell\u00e9e sur le pilier proth\u00e9tique interm\u00e9diaire.<\/span>[\/vc_column_text][\/vc_column_inner][\/vc_row_inner][\/vc_column][\/vc_row]<\/p>\n","protected":false},"excerpt":{"rendered":"<p>[vc_row img_halfrow=\u00a0\u00bbyes\u00a0\u00bb halfrow_image=\u00a0\u00bb113&Prime; img_columns=\u00a0\u00bb5columns\u00a0\u00bb img_position=\u00a0\u00bbimgleft\u00a0\u00bb css=\u00a0\u00bb.vc_custom_1635523829559{background-color: #6ea1bb !important;}\u00a0\u00bb][vc_column offset=\u00a0\u00bbvc_col-md-offset-6 vc_col-md-6&Prime;][vc_row_inner][vc_column_inner css=\u00a0\u00bb.vc_custom_1499065970447{margin-bottom: 30px !important;}\u00a0\u00bb][vc_column_text] Implantologie &nbsp; Les implants dentaires sont des racines artificielles qui permettent de remplacer les racines dentaires perdues. Ces implants, solidement ancr\u00e9s dans l\u2019os, servent de support \u00e0 des couronnes, des bridges ou \u00e0 des proth\u00e8ses. L\u2019implant dentaire est sch\u00e9matiquement compos\u00e9 de 3 [&hellip;]<\/p>\n","protected":false},"author":1,"featured_media":0,"parent":17,"menu_order":0,"comment_status":"closed","ping_status":"closed","template":"page-templates\/template-fullwidth.php","meta":[],"yoast_head":"<!-- This site is optimized with the Yoast SEO plugin v19.10 - https:\/\/yoast.com\/wordpress\/plugins\/seo\/ -->\n<title>Implantologie - Cabinet M\u00e9decin Dentiste<\/title>\n<meta name=\"robots\" content=\"index, follow, max-snippet:-1, max-image-preview:large, max-video-preview:-1\" \/>\n<link rel=\"canonical\" href=\"https:\/\/drmeriemhassine.com\/index.php\/home\/our-services\/implantologie\/\" \/>\n<meta property=\"og:locale\" content=\"fr_FR\" \/>\n<meta property=\"og:type\" content=\"article\" \/>\n<meta property=\"og:title\" content=\"Implantologie - Cabinet M\u00e9decin Dentiste\" \/>\n<meta property=\"og:description\" content=\"[vc_row img_halfrow=\u00a0\u00bbyes\u00a0\u00bb halfrow_image=\u00a0\u00bb113&Prime; img_columns=\u00a0\u00bb5columns\u00a0\u00bb img_position=\u00a0\u00bbimgleft\u00a0\u00bb css=\u00a0\u00bb.vc_custom_1635523829559{background-color: #6ea1bb !important;}\u00a0\u00bb][vc_column offset=\u00a0\u00bbvc_col-md-offset-6 vc_col-md-6&Prime;][vc_row_inner][vc_column_inner css=\u00a0\u00bb.vc_custom_1499065970447{margin-bottom: 30px !important;}\u00a0\u00bb][vc_column_text] Implantologie &nbsp; Les implants dentaires sont des racines artificielles qui permettent de remplacer les racines dentaires perdues. Ces implants, solidement ancr\u00e9s dans l\u2019os, servent de support \u00e0 des couronnes, des bridges ou \u00e0 des proth\u00e8ses. L\u2019implant dentaire est sch\u00e9matiquement compos\u00e9 de 3 [&hellip;]\" \/>\n<meta property=\"og:url\" content=\"https:\/\/drmeriemhassine.com\/index.php\/home\/our-services\/implantologie\/\" \/>\n<meta property=\"og:site_name\" content=\"Cabinet M\u00e9decin Dentiste\" \/>\n<meta property=\"article:modified_time\" content=\"2021-11-07T14:19:10+00:00\" \/>\n<meta property=\"og:image\" content=\"https:\/\/drmeriemhassine.com\/wp-content\/uploads\/2021\/10\/implants-300x193.png\" \/>\n<meta name=\"twitter:card\" content=\"summary_large_image\" \/>\n<meta name=\"twitter:label1\" content=\"Dur\u00e9e de lecture estim\u00e9e\" \/>\n\t<meta name=\"twitter:data1\" content=\"1 minute\" \/>\n<script type=\"application\/ld+json\" class=\"yoast-schema-graph\">{\"@context\":\"https:\/\/schema.org\",\"@graph\":[{\"@type\":\"WebPage\",\"@id\":\"https:\/\/drmeriemhassine.com\/index.php\/home\/our-services\/implantologie\/\",\"url\":\"https:\/\/drmeriemhassine.com\/index.php\/home\/our-services\/implantologie\/\",\"name\":\"Implantologie - Cabinet M\u00e9decin Dentiste\",\"isPartOf\":{\"@id\":\"https:\/\/drmeriemhassine.com\/#website\"},\"datePublished\":\"2021-10-29T16:19:44+00:00\",\"dateModified\":\"2021-11-07T14:19:10+00:00\",\"breadcrumb\":{\"@id\":\"https:\/\/drmeriemhassine.com\/index.php\/home\/our-services\/implantologie\/#breadcrumb\"},\"inLanguage\":\"fr-FR\",\"potentialAction\":[{\"@type\":\"ReadAction\",\"target\":[\"https:\/\/drmeriemhassine.com\/index.php\/home\/our-services\/implantologie\/\"]}]},{\"@type\":\"BreadcrumbList\",\"@id\":\"https:\/\/drmeriemhassine.com\/index.php\/home\/our-services\/implantologie\/#breadcrumb\",\"itemListElement\":[{\"@type\":\"ListItem\",\"position\":1,\"name\":\"Accueil\",\"item\":\"https:\/\/drmeriemhassine.com\/\"},{\"@type\":\"ListItem\",\"position\":2,\"name\":\"Accueil\",\"item\":\"https:\/\/drmeriemhassine.com\/\"},{\"@type\":\"ListItem\",\"position\":3,\"name\":\"Nos Soins\",\"item\":\"https:\/\/drmeriemhassine.com\/index.php\/home\/our-services\/\"},{\"@type\":\"ListItem\",\"position\":4,\"name\":\"Implantologie\"}]},{\"@type\":\"WebSite\",\"@id\":\"https:\/\/drmeriemhassine.com\/#website\",\"url\":\"https:\/\/drmeriemhassine.com\/\",\"name\":\"Cabinet M\u00e9decin Dentiste\",\"description\":\"Dr Meriem HASSINE MHENNI\",\"potentialAction\":[{\"@type\":\"SearchAction\",\"target\":{\"@type\":\"EntryPoint\",\"urlTemplate\":\"https:\/\/drmeriemhassine.com\/?s={search_term_string}\"},\"query-input\":\"required name=search_term_string\"}],\"inLanguage\":\"fr-FR\"}]}<\/script>\n<!-- \/ Yoast SEO plugin. -->","yoast_head_json":{"title":"Implantologie - Cabinet M\u00e9decin Dentiste","robots":{"index":"index","follow":"follow","max-snippet":"max-snippet:-1","max-image-preview":"max-image-preview:large","max-video-preview":"max-video-preview:-1"},"canonical":"https:\/\/drmeriemhassine.com\/index.php\/home\/our-services\/implantologie\/","og_locale":"fr_FR","og_type":"article","og_title":"Implantologie - Cabinet M\u00e9decin Dentiste","og_description":"[vc_row img_halfrow=\u00a0\u00bbyes\u00a0\u00bb halfrow_image=\u00a0\u00bb113&Prime; img_columns=\u00a0\u00bb5columns\u00a0\u00bb img_position=\u00a0\u00bbimgleft\u00a0\u00bb css=\u00a0\u00bb.vc_custom_1635523829559{background-color: #6ea1bb !important;}\u00a0\u00bb][vc_column offset=\u00a0\u00bbvc_col-md-offset-6 vc_col-md-6&Prime;][vc_row_inner][vc_column_inner css=\u00a0\u00bb.vc_custom_1499065970447{margin-bottom: 30px !important;}\u00a0\u00bb][vc_column_text] Implantologie &nbsp; Les implants dentaires sont des racines artificielles qui permettent de remplacer les racines dentaires perdues. Ces implants, solidement ancr\u00e9s dans l\u2019os, servent de support \u00e0 des couronnes, des bridges ou \u00e0 des proth\u00e8ses. L\u2019implant dentaire est sch\u00e9matiquement compos\u00e9 de 3 [&hellip;]","og_url":"https:\/\/drmeriemhassine.com\/index.php\/home\/our-services\/implantologie\/","og_site_name":"Cabinet M\u00e9decin Dentiste","article_modified_time":"2021-11-07T14:19:10+00:00","og_image":[{"url":"https:\/\/drmeriemhassine.com\/wp-content\/uploads\/2021\/10\/implants-300x193.png"}],"twitter_card":"summary_large_image","twitter_misc":{"Dur\u00e9e de lecture estim\u00e9e":"1 minute"},"schema":{"@context":"https:\/\/schema.org","@graph":[{"@type":"WebPage","@id":"https:\/\/drmeriemhassine.com\/index.php\/home\/our-services\/implantologie\/","url":"https:\/\/drmeriemhassine.com\/index.php\/home\/our-services\/implantologie\/","name":"Implantologie - Cabinet M\u00e9decin Dentiste","isPartOf":{"@id":"https:\/\/drmeriemhassine.com\/#website"},"datePublished":"2021-10-29T16:19:44+00:00","dateModified":"2021-11-07T14:19:10+00:00","breadcrumb":{"@id":"https:\/\/drmeriemhassine.com\/index.php\/home\/our-services\/implantologie\/#breadcrumb"},"inLanguage":"fr-FR","potentialAction":[{"@type":"ReadAction","target":["https:\/\/drmeriemhassine.com\/index.php\/home\/our-services\/implantologie\/"]}]},{"@type":"BreadcrumbList","@id":"https:\/\/drmeriemhassine.com\/index.php\/home\/our-services\/implantologie\/#breadcrumb","itemListElement":[{"@type":"ListItem","position":1,"name":"Accueil","item":"https:\/\/drmeriemhassine.com\/"},{"@type":"ListItem","position":2,"name":"Accueil","item":"https:\/\/drmeriemhassine.com\/"},{"@type":"ListItem","position":3,"name":"Nos Soins","item":"https:\/\/drmeriemhassine.com\/index.php\/home\/our-services\/"},{"@type":"ListItem","position":4,"name":"Implantologie"}]},{"@type":"WebSite","@id":"https:\/\/drmeriemhassine.com\/#website","url":"https:\/\/drmeriemhassine.com\/","name":"Cabinet M\u00e9decin Dentiste","description":"Dr Meriem HASSINE MHENNI","potentialAction":[{"@type":"SearchAction","target":{"@type":"EntryPoint","urlTemplate":"https:\/\/drmeriemhassine.com\/?s={search_term_string}"},"query-input":"required name=search_term_string"}],"inLanguage":"fr-FR"}]}},"_links":{"self":[{"href":"https:\/\/drmeriemhassine.com\/index.php\/wp-json\/wp\/v2\/pages\/185"}],"collection":[{"href":"https:\/\/drmeriemhassine.com\/index.php\/wp-json\/wp\/v2\/pages"}],"about":[{"href":"https:\/\/drmeriemhassine.com\/index.php\/wp-json\/wp\/v2\/types\/page"}],"author":[{"embeddable":true,"href":"https:\/\/drmeriemhassine.com\/index.php\/wp-json\/wp\/v2\/users\/1"}],"replies":[{"embeddable":true,"href":"https:\/\/drmeriemhassine.com\/index.php\/wp-json\/wp\/v2\/comments?post=185"}],"version-history":[{"count":4,"href":"https:\/\/drmeriemhassine.com\/index.php\/wp-json\/wp\/v2\/pages\/185\/revisions"}],"predecessor-version":[{"id":188,"href":"https:\/\/drmeriemhassine.com\/index.php\/wp-json\/wp\/v2\/pages\/185\/revisions\/188"}],"up":[{"embeddable":true,"href":"https:\/\/drmeriemhassine.com\/index.php\/wp-json\/wp\/v2\/pages\/17"}],"wp:attachment":[{"href":"https:\/\/drmeriemhassine.com\/index.php\/wp-json\/wp\/v2\/media?parent=185"}],"curies":[{"name":"wp","href":"https:\/\/api.w.org\/{rel}","templated":true}]}}