{"id":176,"date":"2021-10-29T18:02:36","date_gmt":"2021-10-29T16:02:36","guid":{"rendered":"https:\/\/drmeriemhassine.com\/?page_id=176"},"modified":"2021-11-07T15:21:01","modified_gmt":"2021-11-07T14:21:01","slug":"soins-conservateurs","status":"publish","type":"page","link":"https:\/\/drmeriemhassine.com\/index.php\/home\/our-services\/soins-conservateurs\/","title":{"rendered":"Soins Conservateurs"},"content":{"rendered":"<p>[vc_row img_halfrow=\u00a0\u00bbyes\u00a0\u00bb halfrow_image=\u00a0\u00bb113&Prime; img_columns=\u00a0\u00bb5columns\u00a0\u00bb img_position=\u00a0\u00bbimgleft\u00a0\u00bb css=\u00a0\u00bb.vc_custom_1635523829559{background-color: #6ea1bb !important;}\u00a0\u00bb][vc_column offset=\u00a0\u00bbvc_col-md-offset-6 vc_col-md-6&Prime;][vc_row_inner][vc_column_inner css=\u00a0\u00bb.vc_custom_1499065970447{margin-bottom: 30px !important;}\u00a0\u00bb][vc_column_text]<\/p>\n<h1 style=\"text-align: left;\">Soins Conservateurs<\/h1>\n<p>&nbsp;<\/p>\n<p><span style=\"font-weight: 400;\">Ce sont les soins dentaires visant \u00e0 traiter et restaurer les dents endommag\u00e9es par la carie. Celle-ci est une attaque acide de l\u2019\u00e9mail de la dent provoqu\u00e9e par des bact\u00e9ries \u00e0 partir de d\u00e9bris alimentaires laiss\u00e9s en bouche.<\/span><\/p>\n<p><span style=\"font-weight: 400;\">La dent se d\u00e9min\u00e9ralise alors et une cavit\u00e9 se creuse. A ce stade, la carie ne\u00a0 gu\u00e9rit jamais spontan\u00e9ment.Consulter un dentiste est donc incontournable.<\/span><\/p>\n<p><span style=\"font-weight: 400;\">Lors de la consultation, celui-ci choisit le traitement appropri\u00e9 en fonction du stade de d\u00e9veloppement de la carie. Plus elle est ancienne, plus votre dent est d\u00e9labr\u00e9e, plus l\u2019intervention du dentiste sera importante. Mieux vaut s\u2019en pr\u00e9occuper au plus t\u00f4t afin de pr\u00e9server son capital dentaire.<\/span>[\/vc_column_text][\/vc_column_inner][\/vc_row_inner][\/vc_column][\/vc_row]<\/p>\n","protected":false},"excerpt":{"rendered":"<p>[vc_row img_halfrow=\u00a0\u00bbyes\u00a0\u00bb halfrow_image=\u00a0\u00bb113&Prime; img_columns=\u00a0\u00bb5columns\u00a0\u00bb img_position=\u00a0\u00bbimgleft\u00a0\u00bb css=\u00a0\u00bb.vc_custom_1635523829559{background-color: #6ea1bb !important;}\u00a0\u00bb][vc_column offset=\u00a0\u00bbvc_col-md-offset-6 vc_col-md-6&Prime;][vc_row_inner][vc_column_inner css=\u00a0\u00bb.vc_custom_1499065970447{margin-bottom: 30px !important;}\u00a0\u00bb][vc_column_text] Soins Conservateurs &nbsp; Ce sont les soins dentaires visant \u00e0 traiter et restaurer les dents endommag\u00e9es par la carie. Celle-ci est une attaque acide de l\u2019\u00e9mail de la dent provoqu\u00e9e par des bact\u00e9ries \u00e0 partir de d\u00e9bris alimentaires laiss\u00e9s en bouche. La [&hellip;]<\/p>\n","protected":false},"author":1,"featured_media":0,"parent":17,"menu_order":0,"comment_status":"closed","ping_status":"closed","template":"page-templates\/template-fullwidth.php","meta":[],"yoast_head":"<!-- This site is optimized with the Yoast SEO plugin v19.10 - https:\/\/yoast.com\/wordpress\/plugins\/seo\/ -->\n<title>Soins Conservateurs - Cabinet M\u00e9decin Dentiste<\/title>\n<meta name=\"robots\" content=\"index, follow, max-snippet:-1, max-image-preview:large, max-video-preview:-1\" \/>\n<link rel=\"canonical\" href=\"https:\/\/drmeriemhassine.com\/index.php\/home\/our-services\/soins-conservateurs\/\" \/>\n<meta property=\"og:locale\" content=\"fr_FR\" \/>\n<meta property=\"og:type\" content=\"article\" \/>\n<meta property=\"og:title\" content=\"Soins Conservateurs - Cabinet M\u00e9decin Dentiste\" \/>\n<meta property=\"og:description\" content=\"[vc_row img_halfrow=\u00a0\u00bbyes\u00a0\u00bb halfrow_image=\u00a0\u00bb113&Prime; img_columns=\u00a0\u00bb5columns\u00a0\u00bb img_position=\u00a0\u00bbimgleft\u00a0\u00bb css=\u00a0\u00bb.vc_custom_1635523829559{background-color: #6ea1bb !important;}\u00a0\u00bb][vc_column offset=\u00a0\u00bbvc_col-md-offset-6 vc_col-md-6&Prime;][vc_row_inner][vc_column_inner css=\u00a0\u00bb.vc_custom_1499065970447{margin-bottom: 30px !important;}\u00a0\u00bb][vc_column_text] Soins Conservateurs &nbsp; Ce sont les soins dentaires visant \u00e0 traiter et restaurer les dents endommag\u00e9es par la carie. Celle-ci est une attaque acide de l\u2019\u00e9mail de la dent provoqu\u00e9e par des bact\u00e9ries \u00e0 partir de d\u00e9bris alimentaires laiss\u00e9s en bouche. La [&hellip;]\" \/>\n<meta property=\"og:url\" content=\"https:\/\/drmeriemhassine.com\/index.php\/home\/our-services\/soins-conservateurs\/\" \/>\n<meta property=\"og:site_name\" content=\"Cabinet M\u00e9decin Dentiste\" \/>\n<meta property=\"article:modified_time\" content=\"2021-11-07T14:21:01+00:00\" \/>\n<meta name=\"twitter:card\" content=\"summary_large_image\" \/>\n<meta name=\"twitter:label1\" content=\"Dur\u00e9e de lecture estim\u00e9e\" \/>\n\t<meta name=\"twitter:data1\" content=\"1 minute\" \/>\n<script type=\"application\/ld+json\" class=\"yoast-schema-graph\">{\"@context\":\"https:\/\/schema.org\",\"@graph\":[{\"@type\":\"WebPage\",\"@id\":\"https:\/\/drmeriemhassine.com\/index.php\/home\/our-services\/soins-conservateurs\/\",\"url\":\"https:\/\/drmeriemhassine.com\/index.php\/home\/our-services\/soins-conservateurs\/\",\"name\":\"Soins Conservateurs - Cabinet M\u00e9decin Dentiste\",\"isPartOf\":{\"@id\":\"https:\/\/drmeriemhassine.com\/#website\"},\"datePublished\":\"2021-10-29T16:02:36+00:00\",\"dateModified\":\"2021-11-07T14:21:01+00:00\",\"breadcrumb\":{\"@id\":\"https:\/\/drmeriemhassine.com\/index.php\/home\/our-services\/soins-conservateurs\/#breadcrumb\"},\"inLanguage\":\"fr-FR\",\"potentialAction\":[{\"@type\":\"ReadAction\",\"target\":[\"https:\/\/drmeriemhassine.com\/index.php\/home\/our-services\/soins-conservateurs\/\"]}]},{\"@type\":\"BreadcrumbList\",\"@id\":\"https:\/\/drmeriemhassine.com\/index.php\/home\/our-services\/soins-conservateurs\/#breadcrumb\",\"itemListElement\":[{\"@type\":\"ListItem\",\"position\":1,\"name\":\"Accueil\",\"item\":\"https:\/\/drmeriemhassine.com\/\"},{\"@type\":\"ListItem\",\"position\":2,\"name\":\"Accueil\",\"item\":\"https:\/\/drmeriemhassine.com\/\"},{\"@type\":\"ListItem\",\"position\":3,\"name\":\"Nos Soins\",\"item\":\"https:\/\/drmeriemhassine.com\/index.php\/home\/our-services\/\"},{\"@type\":\"ListItem\",\"position\":4,\"name\":\"Soins Conservateurs\"}]},{\"@type\":\"WebSite\",\"@id\":\"https:\/\/drmeriemhassine.com\/#website\",\"url\":\"https:\/\/drmeriemhassine.com\/\",\"name\":\"Cabinet M\u00e9decin Dentiste\",\"description\":\"Dr Meriem HASSINE MHENNI\",\"potentialAction\":[{\"@type\":\"SearchAction\",\"target\":{\"@type\":\"EntryPoint\",\"urlTemplate\":\"https:\/\/drmeriemhassine.com\/?s={search_term_string}\"},\"query-input\":\"required name=search_term_string\"}],\"inLanguage\":\"fr-FR\"}]}<\/script>\n<!-- \/ Yoast SEO plugin. -->","yoast_head_json":{"title":"Soins Conservateurs - Cabinet M\u00e9decin Dentiste","robots":{"index":"index","follow":"follow","max-snippet":"max-snippet:-1","max-image-preview":"max-image-preview:large","max-video-preview":"max-video-preview:-1"},"canonical":"https:\/\/drmeriemhassine.com\/index.php\/home\/our-services\/soins-conservateurs\/","og_locale":"fr_FR","og_type":"article","og_title":"Soins Conservateurs - Cabinet M\u00e9decin Dentiste","og_description":"[vc_row img_halfrow=\u00a0\u00bbyes\u00a0\u00bb halfrow_image=\u00a0\u00bb113&Prime; img_columns=\u00a0\u00bb5columns\u00a0\u00bb img_position=\u00a0\u00bbimgleft\u00a0\u00bb css=\u00a0\u00bb.vc_custom_1635523829559{background-color: #6ea1bb !important;}\u00a0\u00bb][vc_column offset=\u00a0\u00bbvc_col-md-offset-6 vc_col-md-6&Prime;][vc_row_inner][vc_column_inner css=\u00a0\u00bb.vc_custom_1499065970447{margin-bottom: 30px !important;}\u00a0\u00bb][vc_column_text] Soins Conservateurs &nbsp; Ce sont les soins dentaires visant \u00e0 traiter et restaurer les dents endommag\u00e9es par la carie. Celle-ci est une attaque acide de l\u2019\u00e9mail de la dent provoqu\u00e9e par des bact\u00e9ries \u00e0 partir de d\u00e9bris alimentaires laiss\u00e9s en bouche. La [&hellip;]","og_url":"https:\/\/drmeriemhassine.com\/index.php\/home\/our-services\/soins-conservateurs\/","og_site_name":"Cabinet M\u00e9decin Dentiste","article_modified_time":"2021-11-07T14:21:01+00:00","twitter_card":"summary_large_image","twitter_misc":{"Dur\u00e9e de lecture estim\u00e9e":"1 minute"},"schema":{"@context":"https:\/\/schema.org","@graph":[{"@type":"WebPage","@id":"https:\/\/drmeriemhassine.com\/index.php\/home\/our-services\/soins-conservateurs\/","url":"https:\/\/drmeriemhassine.com\/index.php\/home\/our-services\/soins-conservateurs\/","name":"Soins Conservateurs - Cabinet M\u00e9decin Dentiste","isPartOf":{"@id":"https:\/\/drmeriemhassine.com\/#website"},"datePublished":"2021-10-29T16:02:36+00:00","dateModified":"2021-11-07T14:21:01+00:00","breadcrumb":{"@id":"https:\/\/drmeriemhassine.com\/index.php\/home\/our-services\/soins-conservateurs\/#breadcrumb"},"inLanguage":"fr-FR","potentialAction":[{"@type":"ReadAction","target":["https:\/\/drmeriemhassine.com\/index.php\/home\/our-services\/soins-conservateurs\/"]}]},{"@type":"BreadcrumbList","@id":"https:\/\/drmeriemhassine.com\/index.php\/home\/our-services\/soins-conservateurs\/#breadcrumb","itemListElement":[{"@type":"ListItem","position":1,"name":"Accueil","item":"https:\/\/drmeriemhassine.com\/"},{"@type":"ListItem","position":2,"name":"Accueil","item":"https:\/\/drmeriemhassine.com\/"},{"@type":"ListItem","position":3,"name":"Nos Soins","item":"https:\/\/drmeriemhassine.com\/index.php\/home\/our-services\/"},{"@type":"ListItem","position":4,"name":"Soins Conservateurs"}]},{"@type":"WebSite","@id":"https:\/\/drmeriemhassine.com\/#website","url":"https:\/\/drmeriemhassine.com\/","name":"Cabinet M\u00e9decin Dentiste","description":"Dr Meriem HASSINE MHENNI","potentialAction":[{"@type":"SearchAction","target":{"@type":"EntryPoint","urlTemplate":"https:\/\/drmeriemhassine.com\/?s={search_term_string}"},"query-input":"required name=search_term_string"}],"inLanguage":"fr-FR"}]}},"_links":{"self":[{"href":"https:\/\/drmeriemhassine.com\/index.php\/wp-json\/wp\/v2\/pages\/176"}],"collection":[{"href":"https:\/\/drmeriemhassine.com\/index.php\/wp-json\/wp\/v2\/pages"}],"about":[{"href":"https:\/\/drmeriemhassine.com\/index.php\/wp-json\/wp\/v2\/types\/page"}],"author":[{"embeddable":true,"href":"https:\/\/drmeriemhassine.com\/index.php\/wp-json\/wp\/v2\/users\/1"}],"replies":[{"embeddable":true,"href":"https:\/\/drmeriemhassine.com\/index.php\/wp-json\/wp\/v2\/comments?post=176"}],"version-history":[{"count":7,"href":"https:\/\/drmeriemhassine.com\/index.php\/wp-json\/wp\/v2\/pages\/176\/revisions"}],"predecessor-version":[{"id":179,"href":"https:\/\/drmeriemhassine.com\/index.php\/wp-json\/wp\/v2\/pages\/176\/revisions\/179"}],"up":[{"embeddable":true,"href":"https:\/\/drmeriemhassine.com\/index.php\/wp-json\/wp\/v2\/pages\/17"}],"wp:attachment":[{"href":"https:\/\/drmeriemhassine.com\/index.php\/wp-json\/wp\/v2\/media?parent=176"}],"curies":[{"name":"wp","href":"https:\/\/api.w.org\/{rel}","templated":true}]}}