{"id":11,"date":"2017-07-03T04:59:38","date_gmt":"2017-07-03T04:59:38","guid":{"rendered":"http:\/\/demo.archiwp.com\/minisite-version\/?page_id=11"},"modified":"2021-11-07T15:07:14","modified_gmt":"2021-11-07T14:07:14","slug":"about","status":"publish","type":"page","link":"https:\/\/drmeriemhassine.com\/index.php\/home\/about\/","title":{"rendered":"Le Cabinet"},"content":{"rendered":"<p>[vc_row img_halfrow=\u00a0\u00bbyes\u00a0\u00bb halfrow_image=\u00a0\u00bb151&Prime; img_columns=\u00a0\u00bb5columns\u00a0\u00bb img_position=\u00a0\u00bbimgright\u00a0\u00bb css=\u00a0\u00bb.vc_custom_1634958457046{background-color: #6ea1bb !important;}\u00a0\u00bb][vc_column width=\u00a0\u00bb1\/2&Prime; animate=\u00a0\u00bbfadinright\u00a0\u00bb delay=\u00a0\u00bb0.2&Prime;]\n\t<!-- Element: OT Heading --> \t \n\t<h2 class=\"ot_custom_heading style-2 id-color mb0 \" style=\"\" >Docteur Meriem Hassine Mhenni<\/h2>\t\n[vc_column_text css=\u00a0\u00bb.vc_custom_1636294033698{margin-bottom: 20px !important;}\u00a0\u00bb]<\/p>\n<h2>Pour un meilleur sourire<\/h2>\n<p><span style=\"font-weight: 400;\">Notre cabinet de m\u00e9decine dentaire dispose d&rsquo;un plateau technique \u00e0 la pointe de la technologie, qui nous permet de r\u00e9aliser nos soins dans les r\u00e8gles de l&rsquo;art.<\/span><\/p>\n<p><span style=\"font-weight: 400;\">En effet, tout a \u00e9t\u00e9 scrupuleusement \u00e9tudi\u00e9 afin de procurer \u00e0 nos patients un service irr\u00e9prochable.<\/span><\/p>\n<p><span style=\"font-weight: 400;\">Car, de l&rsquo;accueil convivial de notre aide soignante, en passant \u00e0 la confortable salle d&rsquo;attente, jusqu&rsquo;au plateau de soins, tout est mis en oeuvre dans le but de faciliter les soins chez les patients anxieux ou phobiques et vous fournir un service rapide et agr\u00e9able afin de prendre en charge et d\u2019accompagner de mani\u00e8re optimale votre sant\u00e9 bucco-dentaire.<\/span><\/p>\n<p><span style=\"font-weight: 400;\">Cela nous permet de vous proposer tous les traitements de r\u00e9habilitation buccale possibles (actes de pr\u00e9vention, soins, traitement des anomalies dentaires,urgences traumatiques&#8230;), ainsi que la dentisterie esth\u00e9tique (\u00e9claircissement des dents, facettes&#8230;) et cela dans les meilleures conditions d&rsquo;hygi\u00e8ne.<\/span><\/p>\n<p><span style=\"font-weight: 400;\">Notre approche qui s&rsquo;inscrit dans une recherche d&rsquo;harmonie et de perfection, garantit que les restaurations dentaires , qu&rsquo;elles soient r\u00e9paratrices ou correctrices, sont esth\u00e9tiques et fonctionnelles.<\/span>[\/vc_column_text][vc_row_inner][vc_column_inner width=\u00a0\u00bb1\/3&Prime; animate=\u00a0\u00bbfadein\u00a0\u00bb delay=\u00a0\u00bb0&Prime;][vc_icon icon_fontawesome=\u00a0\u00bbfas fa-clinic-medical\u00a0\u00bb color=\u00a0\u00bbwhite\u00a0\u00bb size=\u00a0\u00bbxl\u00a0\u00bb align=\u00a0\u00bbcenter\u00a0\u00bb]\n\t<!-- Element: OT Heading --> \t \n\t<h3 class=\"ot_custom_heading  \" style=\"text-align: center;\" >Vous devez respecter les mesures de s\u00e9curit\u00e9 Covid 19<\/h3>\t\n[\/vc_column_inner][vc_column_inner width=\u00a0\u00bb1\/3&Prime; animate=\u00a0\u00bbfadein\u00a0\u00bb delay=\u00a0\u00bb0.25&Prime;][vc_icon icon_fontawesome=\u00a0\u00bbfas fa-clock\u00a0\u00bb color=\u00a0\u00bbwhite\u00a0\u00bb size=\u00a0\u00bbxl\u00a0\u00bb align=\u00a0\u00bbcenter\u00a0\u00bb]\n\t<!-- Element: OT Heading --> \t \n\t<h3 class=\"ot_custom_heading  \" style=\"text-align: center;\" >Nous sommes ouvert de 9:00 \u00e0 18:00<\/h3>\t\n[\/vc_column_inner][vc_column_inner width=\u00a0\u00bb1\/3&Prime; animate=\u00a0\u00bbfadein\u00a0\u00bb delay=\u00a0\u00bb0.75&Prime;][vc_icon icon_fontawesome=\u00a0\u00bbfas fa-calendar-alt\u00a0\u00bb color=\u00a0\u00bbwhite\u00a0\u00bb size=\u00a0\u00bbxl\u00a0\u00bb align=\u00a0\u00bbcenter\u00a0\u00bb]\n\t<!-- Element: OT Heading --> \t \n\t<h3 class=\"ot_custom_heading  \" style=\"text-align: center;\" >Veuillez respecter vos rendez vous<\/h3>\t\n[\/vc_column_inner][\/vc_row_inner][\/vc_column][\/vc_row]<\/p>\n","protected":false},"excerpt":{"rendered":"<p>[vc_row img_halfrow=\u00a0\u00bbyes\u00a0\u00bb halfrow_image=\u00a0\u00bb151&Prime; img_columns=\u00a0\u00bb5columns\u00a0\u00bb img_position=\u00a0\u00bbimgright\u00a0\u00bb css=\u00a0\u00bb.vc_custom_1634958457046{background-color: #6ea1bb !important;}\u00a0\u00bb][vc_column width=\u00a0\u00bb1\/2&Prime; animate=\u00a0\u00bbfadinright\u00a0\u00bb delay=\u00a0\u00bb0.2&Prime;][vc_column_text css=\u00a0\u00bb.vc_custom_1636294033698{margin-bottom: 20px !important;}\u00a0\u00bb] Pour un meilleur sourire Notre cabinet de m\u00e9decine dentaire dispose d&rsquo;un plateau technique \u00e0 la pointe de la technologie, qui nous permet de r\u00e9aliser nos soins dans les r\u00e8gles de l&rsquo;art. En effet, tout a \u00e9t\u00e9 scrupuleusement \u00e9tudi\u00e9 afin de procurer [&hellip;]<\/p>\n","protected":false},"author":1,"featured_media":0,"parent":88,"menu_order":0,"comment_status":"closed","ping_status":"closed","template":"page-templates\/template-fullwidth.php","meta":[],"yoast_head":"<!-- This site is optimized with the Yoast SEO plugin v19.10 - https:\/\/yoast.com\/wordpress\/plugins\/seo\/ -->\n<title>Le Cabinet - Cabinet M\u00e9decin Dentiste<\/title>\n<meta name=\"robots\" content=\"index, follow, max-snippet:-1, max-image-preview:large, max-video-preview:-1\" \/>\n<link rel=\"canonical\" href=\"https:\/\/drmeriemhassine.com\/index.php\/home\/about\/\" \/>\n<meta property=\"og:locale\" content=\"fr_FR\" \/>\n<meta property=\"og:type\" content=\"article\" \/>\n<meta property=\"og:title\" content=\"Le Cabinet - Cabinet M\u00e9decin Dentiste\" \/>\n<meta property=\"og:description\" content=\"[vc_row img_halfrow=\u00a0\u00bbyes\u00a0\u00bb halfrow_image=\u00a0\u00bb151&Prime; img_columns=\u00a0\u00bb5columns\u00a0\u00bb img_position=\u00a0\u00bbimgright\u00a0\u00bb css=\u00a0\u00bb.vc_custom_1634958457046{background-color: #6ea1bb !important;}\u00a0\u00bb][vc_column width=\u00a0\u00bb1\/2&Prime; animate=\u00a0\u00bbfadinright\u00a0\u00bb delay=\u00a0\u00bb0.2&Prime;][vc_column_text css=\u00a0\u00bb.vc_custom_1636294033698{margin-bottom: 20px !important;}\u00a0\u00bb] Pour un meilleur sourire Notre cabinet de m\u00e9decine dentaire dispose d&rsquo;un plateau technique \u00e0 la pointe de la technologie, qui nous permet de r\u00e9aliser nos soins dans les r\u00e8gles de l&rsquo;art. En effet, tout a \u00e9t\u00e9 scrupuleusement \u00e9tudi\u00e9 afin de procurer [&hellip;]\" \/>\n<meta property=\"og:url\" content=\"https:\/\/drmeriemhassine.com\/index.php\/home\/about\/\" \/>\n<meta property=\"og:site_name\" content=\"Cabinet M\u00e9decin Dentiste\" \/>\n<meta property=\"article:modified_time\" content=\"2021-11-07T14:07:14+00:00\" \/>\n<meta name=\"twitter:card\" content=\"summary_large_image\" \/>\n<meta name=\"twitter:label1\" content=\"Dur\u00e9e de lecture estim\u00e9e\" \/>\n\t<meta name=\"twitter:data1\" content=\"2 minutes\" \/>\n<script type=\"application\/ld+json\" class=\"yoast-schema-graph\">{\"@context\":\"https:\/\/schema.org\",\"@graph\":[{\"@type\":\"WebPage\",\"@id\":\"https:\/\/drmeriemhassine.com\/index.php\/home\/about\/\",\"url\":\"https:\/\/drmeriemhassine.com\/index.php\/home\/about\/\",\"name\":\"Le Cabinet - Cabinet M\u00e9decin Dentiste\",\"isPartOf\":{\"@id\":\"https:\/\/drmeriemhassine.com\/#website\"},\"datePublished\":\"2017-07-03T04:59:38+00:00\",\"dateModified\":\"2021-11-07T14:07:14+00:00\",\"breadcrumb\":{\"@id\":\"https:\/\/drmeriemhassine.com\/index.php\/home\/about\/#breadcrumb\"},\"inLanguage\":\"fr-FR\",\"potentialAction\":[{\"@type\":\"ReadAction\",\"target\":[\"https:\/\/drmeriemhassine.com\/index.php\/home\/about\/\"]}]},{\"@type\":\"BreadcrumbList\",\"@id\":\"https:\/\/drmeriemhassine.com\/index.php\/home\/about\/#breadcrumb\",\"itemListElement\":[{\"@type\":\"ListItem\",\"position\":1,\"name\":\"Accueil\",\"item\":\"https:\/\/drmeriemhassine.com\/\"},{\"@type\":\"ListItem\",\"position\":2,\"name\":\"Accueil\",\"item\":\"https:\/\/drmeriemhassine.com\/\"},{\"@type\":\"ListItem\",\"position\":3,\"name\":\"Le Cabinet\"}]},{\"@type\":\"WebSite\",\"@id\":\"https:\/\/drmeriemhassine.com\/#website\",\"url\":\"https:\/\/drmeriemhassine.com\/\",\"name\":\"Cabinet M\u00e9decin Dentiste\",\"description\":\"Dr Meriem HASSINE MHENNI\",\"potentialAction\":[{\"@type\":\"SearchAction\",\"target\":{\"@type\":\"EntryPoint\",\"urlTemplate\":\"https:\/\/drmeriemhassine.com\/?s={search_term_string}\"},\"query-input\":\"required name=search_term_string\"}],\"inLanguage\":\"fr-FR\"}]}<\/script>\n<!-- \/ Yoast SEO plugin. -->","yoast_head_json":{"title":"Le Cabinet - Cabinet M\u00e9decin Dentiste","robots":{"index":"index","follow":"follow","max-snippet":"max-snippet:-1","max-image-preview":"max-image-preview:large","max-video-preview":"max-video-preview:-1"},"canonical":"https:\/\/drmeriemhassine.com\/index.php\/home\/about\/","og_locale":"fr_FR","og_type":"article","og_title":"Le Cabinet - Cabinet M\u00e9decin Dentiste","og_description":"[vc_row img_halfrow=\u00a0\u00bbyes\u00a0\u00bb halfrow_image=\u00a0\u00bb151&Prime; img_columns=\u00a0\u00bb5columns\u00a0\u00bb img_position=\u00a0\u00bbimgright\u00a0\u00bb css=\u00a0\u00bb.vc_custom_1634958457046{background-color: #6ea1bb !important;}\u00a0\u00bb][vc_column width=\u00a0\u00bb1\/2&Prime; animate=\u00a0\u00bbfadinright\u00a0\u00bb delay=\u00a0\u00bb0.2&Prime;][vc_column_text css=\u00a0\u00bb.vc_custom_1636294033698{margin-bottom: 20px !important;}\u00a0\u00bb] Pour un meilleur sourire Notre cabinet de m\u00e9decine dentaire dispose d&rsquo;un plateau technique \u00e0 la pointe de la technologie, qui nous permet de r\u00e9aliser nos soins dans les r\u00e8gles de l&rsquo;art. En effet, tout a \u00e9t\u00e9 scrupuleusement \u00e9tudi\u00e9 afin de procurer [&hellip;]","og_url":"https:\/\/drmeriemhassine.com\/index.php\/home\/about\/","og_site_name":"Cabinet M\u00e9decin Dentiste","article_modified_time":"2021-11-07T14:07:14+00:00","twitter_card":"summary_large_image","twitter_misc":{"Dur\u00e9e de lecture estim\u00e9e":"2 minutes"},"schema":{"@context":"https:\/\/schema.org","@graph":[{"@type":"WebPage","@id":"https:\/\/drmeriemhassine.com\/index.php\/home\/about\/","url":"https:\/\/drmeriemhassine.com\/index.php\/home\/about\/","name":"Le Cabinet - Cabinet M\u00e9decin Dentiste","isPartOf":{"@id":"https:\/\/drmeriemhassine.com\/#website"},"datePublished":"2017-07-03T04:59:38+00:00","dateModified":"2021-11-07T14:07:14+00:00","breadcrumb":{"@id":"https:\/\/drmeriemhassine.com\/index.php\/home\/about\/#breadcrumb"},"inLanguage":"fr-FR","potentialAction":[{"@type":"ReadAction","target":["https:\/\/drmeriemhassine.com\/index.php\/home\/about\/"]}]},{"@type":"BreadcrumbList","@id":"https:\/\/drmeriemhassine.com\/index.php\/home\/about\/#breadcrumb","itemListElement":[{"@type":"ListItem","position":1,"name":"Accueil","item":"https:\/\/drmeriemhassine.com\/"},{"@type":"ListItem","position":2,"name":"Accueil","item":"https:\/\/drmeriemhassine.com\/"},{"@type":"ListItem","position":3,"name":"Le Cabinet"}]},{"@type":"WebSite","@id":"https:\/\/drmeriemhassine.com\/#website","url":"https:\/\/drmeriemhassine.com\/","name":"Cabinet M\u00e9decin Dentiste","description":"Dr Meriem HASSINE MHENNI","potentialAction":[{"@type":"SearchAction","target":{"@type":"EntryPoint","urlTemplate":"https:\/\/drmeriemhassine.com\/?s={search_term_string}"},"query-input":"required name=search_term_string"}],"inLanguage":"fr-FR"}]}},"_links":{"self":[{"href":"https:\/\/drmeriemhassine.com\/index.php\/wp-json\/wp\/v2\/pages\/11"}],"collection":[{"href":"https:\/\/drmeriemhassine.com\/index.php\/wp-json\/wp\/v2\/pages"}],"about":[{"href":"https:\/\/drmeriemhassine.com\/index.php\/wp-json\/wp\/v2\/types\/page"}],"author":[{"embeddable":true,"href":"https:\/\/drmeriemhassine.com\/index.php\/wp-json\/wp\/v2\/users\/1"}],"replies":[{"embeddable":true,"href":"https:\/\/drmeriemhassine.com\/index.php\/wp-json\/wp\/v2\/comments?post=11"}],"version-history":[{"count":7,"href":"https:\/\/drmeriemhassine.com\/index.php\/wp-json\/wp\/v2\/pages\/11\/revisions"}],"predecessor-version":[{"id":210,"href":"https:\/\/drmeriemhassine.com\/index.php\/wp-json\/wp\/v2\/pages\/11\/revisions\/210"}],"up":[{"embeddable":true,"href":"https:\/\/drmeriemhassine.com\/index.php\/wp-json\/wp\/v2\/pages\/88"}],"wp:attachment":[{"href":"https:\/\/drmeriemhassine.com\/index.php\/wp-json\/wp\/v2\/media?parent=11"}],"curies":[{"name":"wp","href":"https:\/\/api.w.org\/{rel}","templated":true}]}}